{"id":1821,"date":"2025-07-21T14:42:32","date_gmt":"2025-07-21T20:42:32","guid":{"rendered":"https:\/\/zafracoyoacan.com\/?post_type=product&#038;p=1821"},"modified":"2026-02-19T13:10:01","modified_gmt":"2026-02-19T19:10:01","slug":"cafe-soluble-nescafe-clasico-de-1-kg","status":"publish","type":"product","link":"https:\/\/zafracoyoacan.com\/en\/product\/cafe-soluble-nescafe-clasico-de-1-kg\/","title":{"rendered":"Caf\u00e9 soluble Nescaf\u00e9 Cl\u00e1sico de 1 Kg"},"content":{"rendered":"","protected":false},"excerpt":{"rendered":"","protected":false},"featured_media":2952,"comment_status":"open","ping_status":"closed","template":"","meta":[],"product_brand":[138],"product_cat":[127],"product_tag":[129],"class_list":{"0":"post-1821","1":"product","2":"type-product","3":"status-publish","4":"has-post-thumbnail","6":"product_brand-nescafe","7":"product_cat-cafes-y-sustitutos","8":"product_tag-granos","10":"first","11":"instock","12":"shipping-taxable","13":"purchasable","14":"product-type-simple"},"aioseo_notices":[],"_links":{"self":[{"href":"https:\/\/zafracoyoacan.com\/en\/wp-json\/wp\/v2\/product\/1821","targetHints":{"allow":["GET"]}}],"collection":[{"href":"https:\/\/zafracoyoacan.com\/en\/wp-json\/wp\/v2\/product"}],"about":[{"href":"https:\/\/zafracoyoacan.com\/en\/wp-json\/wp\/v2\/types\/product"}],"replies":[{"embeddable":true,"href":"https:\/\/zafracoyoacan.com\/en\/wp-json\/wp\/v2\/comments?post=1821"}],"wp:featuredmedia":[{"embeddable":true,"href":"https:\/\/zafracoyoacan.com\/en\/wp-json\/wp\/v2\/media\/2952"}],"wp:attachment":[{"href":"https:\/\/zafracoyoacan.com\/en\/wp-json\/wp\/v2\/media?parent=1821"}],"wp:term":[{"taxonomy":"product_brand","embeddable":true,"href":"https:\/\/zafracoyoacan.com\/en\/wp-json\/wp\/v2\/product_brand?post=1821"},{"taxonomy":"product_cat","embeddable":true,"href":"https:\/\/zafracoyoacan.com\/en\/wp-json\/wp\/v2\/product_cat?post=1821"},{"taxonomy":"product_tag","embeddable":true,"href":"https:\/\/zafracoyoacan.com\/en\/wp-json\/wp\/v2\/product_tag?post=1821"}],"curies":[{"name":"wp","href":"https:\/\/api.w.org\/{rel}","templated":true}]}}